{"id":3999,"date":"2022-11-08T17:00:49","date_gmt":"2022-11-08T21:00:49","guid":{"rendered":"https:\/\/palafitohostel.com\/fotos\/"},"modified":"2024-08-22T15:27:48","modified_gmt":"2024-08-22T19:27:48","slug":"fotos","status":"publish","type":"page","link":"https:\/\/palafitohostel.com\/fr\/fotos\/","title":{"rendered":"Fotos"},"content":{"rendered":"\t\t<div data-elementor-type=\"wp-page\" data-elementor-id=\"3999\" class=\"elementor elementor-3999 elementor-2413\">\n\t\t\t\t\t\t<section class=\"elementor-section elementor-top-section elementor-element elementor-element-4744417 elementor-section-boxed elementor-section-height-default elementor-section-height-default\" data-id=\"4744417\" data-element_type=\"section\">\n\t\t\t\t\t\t<div class=\"elementor-container elementor-column-gap-default\">\n\t\t\t\t\t<div class=\"elementor-column elementor-col-100 elementor-top-column elementor-element elementor-element-c81c614\" data-id=\"c81c614\" data-element_type=\"column\">\n\t\t\t<div class=\"elementor-widget-wrap elementor-element-populated\">\n\t\t\t\t\t\t<div class=\"elementor-element elementor-element-0d3d99d elementor-widget elementor-widget-text-editor\" data-id=\"0d3d99d\" data-element_type=\"widget\" data-widget_type=\"text-editor.default\">\n\t\t\t\t<div class=\"elementor-widget-container\">\n\t\t\t\t\t\t\t\t\t<div class=\"sc-a215f8ff-4 ecdTqQ\" data-pinnedconversationturnid=\"48146f81-cd46-4d10-b061-01b0888cb63b\" data-testid=\"youchat-answer-turn-1\"><div class=\"AnswerParser_AnswerParserSharedStyles__0GZUj\"><span class=\"AnswerParser_TextContainer__z_Iiv\" data-testid=\"youchat-text\">Descubre la magia de la<strong> Isla de Chilo\u00e9<\/strong> a trav\u00e9s de nuestra galer\u00eda de fotos de <strong>Palafito Hostel Boutique Chilo\u00e9<\/strong>, ubicado frente a la hermosa <strong>Bah\u00eda de Castro<\/strong>, en el encantador barrio <strong>Palafitos de Gamboa<\/strong>. Capturamos la esencia de este destino \u00fanico, donde la arquitectura de <strong>Palafitos<\/strong> tradicional se mezcla con paisajes impresionantes. Nuestras im\u00e1genes destacan la belleza natural que rodea el <strong>hostel boutique en Chilo\u00e9<\/strong>, as\u00ed como los acogedores espacios dise\u00f1ados para brindarte una experiencia inolvidable. Explora cada rinc\u00f3n de nuestro <strong>palafito<\/strong> y d\u00e9jate inspirar por la cultura de <strong>Chilo\u00e9<\/strong> y la hospitalidad que ofrecemos. \u00a1Bienvenido a tu pr\u00f3ximo escape en <strong>Chilo\u00e9<\/strong>!<\/span><\/div><\/div>\t\t\t\t\t\t\t\t<\/div>\n\t\t\t\t<\/div>\n\t\t\t\t<div class=\"elementor-element elementor-element-390f270 elementor-widget elementor-widget-shortcode\" data-id=\"390f270\" data-element_type=\"widget\" data-widget_type=\"shortcode.default\">\n\t\t\t\t<div class=\"elementor-widget-container\">\n\t\t\t\t\t\t\t<div class=\"elementor-shortcode\">\t\t<div id=\"instagram-gallery-feed-0\" class=\"instagram-gallery-feed\" data-feed=\"{&quot;id&quot;:0,&quot;account_id&quot;:&quot;9112386742120239&quot;,&quot;source&quot;:&quot;username&quot;,&quot;tag&quot;:&quot;wordpress&quot;,&quot;order_by&quot;:&quot;top_media&quot;,&quot;layout&quot;:&quot;gallery&quot;,&quot;limit&quot;:16,&quot;columns&quot;:4,&quot;lazy&quot;:true,&quot;spacing&quot;:10,&quot;highlight&quot;:{&quot;tag&quot;:&quot;&quot;,&quot;id&quot;:&quot;&quot;,&quot;position&quot;:&quot;1,3,5&quot;},&quot;reel&quot;:{&quot;hide&quot;:false},&quot;copyright&quot;:{&quot;hide&quot;:false,&quot;placeholder&quot;:&quot;&quot;},&quot;profile&quot;:{&quot;display&quot;:false,&quot;auto&quot;:false,&quot;username&quot;:&quot;&quot;,&quot;nickname&quot;:&quot;&quot;,&quot;website&quot;:&quot;&quot;,&quot;biography&quot;:&quot;&quot;,&quot;link_text&quot;:&quot;Follow&quot;,&quot;website_text&quot;:&quot;Website&quot;,&quot;avatar&quot;:&quot;&quot;},&quot;box&quot;:{&quot;display&quot;:false,&quot;padding&quot;:1,&quot;radius&quot;:0,&quot;background&quot;:&quot;#fefefe&quot;,&quot;profile&quot;:false,&quot;desc&quot;:&quot;&quot;,&quot;text_color&quot;:&quot;#000000&quot;},&quot;mask&quot;:{&quot;display&quot;:true,&quot;background&quot;:&quot;#000000&quot;,&quot;likes_count&quot;:true,&quot;comments_count&quot;:true},&quot;card&quot;:{&quot;display&quot;:false,&quot;radius&quot;:1,&quot;font_size&quot;:12,&quot;background&quot;:&quot;#ffffff&quot;,&quot;background_hover&quot;:&quot;#ffffff&quot;,&quot;text_color&quot;:&quot;#000000&quot;,&quot;padding&quot;:5,&quot;likes_count&quot;:true,&quot;text_length&quot;:10,&quot;comments_count&quot;:true,&quot;text_align&quot;:&quot;left&quot;},&quot;carousel&quot;:{&quot;slidespv&quot;:5,&quot;centered_slides&quot;:false,&quot;autoplay&quot;:false,&quot;autoplay_interval&quot;:3000,&quot;navarrows&quot;:true,&quot;navarrows_color&quot;:&quot;&quot;,&quot;pagination&quot;:true,&quot;pagination_color&quot;:&quot;&quot;},&quot;modal&quot;:{&quot;display&quot;:true,&quot;profile&quot;:true,&quot;media_description&quot;:true,&quot;likes_count&quot;:true,&quot;comments_count&quot;:true,&quot;text_align&quot;:&quot;left&quot;,&quot;modal_align&quot;:&quot;right&quot;,&quot;text_length&quot;:10000,&quot;font_size&quot;:12},&quot;button&quot;:{&quot;display&quot;:false,&quot;text&quot;:&quot;View on Instagram&quot;,&quot;text_color&quot;:&quot;#ffff&quot;,&quot;background&quot;:&quot;&quot;,&quot;background_hover&quot;:&quot;&quot;},&quot;button_load&quot;:{&quot;display&quot;:false,&quot;text&quot;:&quot;Load more...&quot;,&quot;text_color&quot;:&quot;#ffff&quot;,&quot;background&quot;:&quot;&quot;,&quot;background_hover&quot;:&quot;&quot;}}\">\n\t\t<!-- <FeedContainer\/> -->\n\t\t<\/div>\n\t\t<\/div>\n\t\t\t\t\t\t<\/div>\n\t\t\t\t<\/div>\n\t\t\t\t\t<\/div>\n\t\t<\/div>\n\t\t\t\t\t<\/div>\n\t\t<\/section>\n\t\t\t\t<\/div>\n\t\t","protected":false},"excerpt":{"rendered":"<p>Descubre la magia de la Isla de Chilo\u00e9 a trav\u00e9s de nuestra galer\u00eda de fotos de Palafito Hostel Boutique Chilo\u00e9, ubicado frente a la hermosa Bah\u00eda de Castro, en el encantador barrio Palafitos de Gamboa. Capturamos la esencia de este destino \u00fanico, donde la arquitectura de Palafitos tradicional se mezcla con paisajes impresionantes. Nuestras im\u00e1genes &hellip; <a href=\"https:\/\/palafitohostel.com\/fr\/fotos\/\" class=\"more-link\">Continue reading<span class=\"screen-reader-text\"> &#8220;Fotos&#8221;<\/span><\/a><\/p>\n","protected":false},"author":1,"featured_media":0,"parent":0,"menu_order":0,"comment_status":"closed","ping_status":"closed","template":"template-full-width-page.php","meta":{"inline_featured_image":false,"_joinchat":[],"footnotes":""},"class_list":["post-3999","page","type-page","status-publish","hentry"],"yoast_head":"<!-- This site is optimized with the Yoast SEO plugin v24.7 - https:\/\/yoast.com\/wordpress\/plugins\/seo\/ -->\n<title>Fotos - Palafito Hostel Chiloe<\/title>\n<meta name=\"robots\" content=\"index, follow, max-snippet:-1, max-image-preview:large, max-video-preview:-1\" \/>\n<link rel=\"canonical\" href=\"https:\/\/palafitohostel.com\/fr\/fotos\/\" \/>\n<meta property=\"og:locale\" content=\"fr_FR\" \/>\n<meta property=\"og:type\" content=\"article\" \/>\n<meta property=\"og:title\" content=\"Fotos - Palafito Hostel Chiloe\" \/>\n<meta property=\"og:description\" content=\"Descubre la magia de la Isla de Chilo\u00e9 a trav\u00e9s de nuestra galer\u00eda de fotos de Palafito Hostel Boutique Chilo\u00e9, ubicado frente a la hermosa Bah\u00eda de Castro, en el encantador barrio Palafitos de Gamboa. Capturamos la esencia de este destino \u00fanico, donde la arquitectura de Palafitos tradicional se mezcla con paisajes impresionantes. Nuestras im\u00e1genes &hellip; Continue reading &quot;Fotos&quot;\" \/>\n<meta property=\"og:url\" content=\"https:\/\/palafitohostel.com\/fr\/fotos\/\" \/>\n<meta property=\"og:site_name\" content=\"Palafito Hostel Chiloe\" \/>\n<meta property=\"article:publisher\" content=\"https:\/\/facebook.com\/palafitohostel\/\" \/>\n<meta property=\"article:modified_time\" content=\"2024-08-22T19:27:48+00:00\" \/>\n<meta name=\"twitter:card\" content=\"summary_large_image\" \/>\n<meta name=\"twitter:site\" content=\"@palafitohostel\" \/>\n<meta name=\"twitter:label1\" content=\"Dur\u00e9e de lecture estim\u00e9e\" \/>\n\t<meta name=\"twitter:data1\" content=\"1 minute\" \/>\n<script type=\"application\/ld+json\" class=\"yoast-schema-graph\">{\"@context\":\"https:\/\/schema.org\",\"@graph\":[{\"@type\":\"WebPage\",\"@id\":\"https:\/\/palafitohostel.com\/fr\/fotos\/\",\"url\":\"https:\/\/palafitohostel.com\/fr\/fotos\/\",\"name\":\"Fotos - Palafito Hostel Chiloe\",\"isPartOf\":{\"@id\":\"https:\/\/palafitohostel.com\/fr\/#website\"},\"datePublished\":\"2022-11-08T21:00:49+00:00\",\"dateModified\":\"2024-08-22T19:27:48+00:00\",\"breadcrumb\":{\"@id\":\"https:\/\/palafitohostel.com\/fr\/fotos\/#breadcrumb\"},\"inLanguage\":\"fr-FR\",\"potentialAction\":[{\"@type\":\"ReadAction\",\"target\":[\"https:\/\/palafitohostel.com\/fr\/fotos\/\"]}]},{\"@type\":\"BreadcrumbList\",\"@id\":\"https:\/\/palafitohostel.com\/fr\/fotos\/#breadcrumb\",\"itemListElement\":[{\"@type\":\"ListItem\",\"position\":1,\"name\":\"Portada\",\"item\":\"https:\/\/palafitohostel.com\/fr\/\"},{\"@type\":\"ListItem\",\"position\":2,\"name\":\"Fotos\"}]},{\"@type\":\"WebSite\",\"@id\":\"https:\/\/palafitohostel.com\/fr\/#website\",\"url\":\"https:\/\/palafitohostel.com\/fr\/\",\"name\":\"Palafito Hostel Chiloe\",\"description\":\"Chiloe\",\"publisher\":{\"@id\":\"https:\/\/palafitohostel.com\/fr\/#organization\"},\"potentialAction\":[{\"@type\":\"SearchAction\",\"target\":{\"@type\":\"EntryPoint\",\"urlTemplate\":\"https:\/\/palafitohostel.com\/fr\/?s={search_term_string}\"},\"query-input\":{\"@type\":\"PropertyValueSpecification\",\"valueRequired\":true,\"valueName\":\"search_term_string\"}}],\"inLanguage\":\"fr-FR\"},{\"@type\":\"Organization\",\"@id\":\"https:\/\/palafitohostel.com\/fr\/#organization\",\"name\":\"Palafito Hostel Chiloe\",\"url\":\"https:\/\/palafitohostel.com\/fr\/\",\"logo\":{\"@type\":\"ImageObject\",\"inLanguage\":\"fr-FR\",\"@id\":\"https:\/\/palafitohostel.com\/fr\/#\/schema\/logo\/image\/\",\"url\":\"https:\/\/palafitohostel.com\/wp-content\/uploads\/2022\/10\/logo-palafito-hostel-22.svg\",\"contentUrl\":\"https:\/\/palafitohostel.com\/wp-content\/uploads\/2022\/10\/logo-palafito-hostel-22.svg\",\"width\":367,\"height\":80,\"caption\":\"Palafito Hostel Chiloe\"},\"image\":{\"@id\":\"https:\/\/palafitohostel.com\/fr\/#\/schema\/logo\/image\/\"},\"sameAs\":[\"https:\/\/facebook.com\/palafitohostel\/\",\"https:\/\/x.com\/palafitohostel\",\"https:\/\/instagram.com\/palafitohostel\"]}]}<\/script>\n<!-- \/ Yoast SEO plugin. -->","yoast_head_json":{"title":"Fotos - Palafito Hostel Chiloe","robots":{"index":"index","follow":"follow","max-snippet":"max-snippet:-1","max-image-preview":"max-image-preview:large","max-video-preview":"max-video-preview:-1"},"canonical":"https:\/\/palafitohostel.com\/fr\/fotos\/","og_locale":"fr_FR","og_type":"article","og_title":"Fotos - Palafito Hostel Chiloe","og_description":"Descubre la magia de la Isla de Chilo\u00e9 a trav\u00e9s de nuestra galer\u00eda de fotos de Palafito Hostel Boutique Chilo\u00e9, ubicado frente a la hermosa Bah\u00eda de Castro, en el encantador barrio Palafitos de Gamboa. Capturamos la esencia de este destino \u00fanico, donde la arquitectura de Palafitos tradicional se mezcla con paisajes impresionantes. Nuestras im\u00e1genes &hellip; Continue reading \"Fotos\"","og_url":"https:\/\/palafitohostel.com\/fr\/fotos\/","og_site_name":"Palafito Hostel Chiloe","article_publisher":"https:\/\/facebook.com\/palafitohostel\/","article_modified_time":"2024-08-22T19:27:48+00:00","twitter_card":"summary_large_image","twitter_site":"@palafitohostel","twitter_misc":{"Dur\u00e9e de lecture estim\u00e9e":"1 minute"},"schema":{"@context":"https:\/\/schema.org","@graph":[{"@type":"WebPage","@id":"https:\/\/palafitohostel.com\/fr\/fotos\/","url":"https:\/\/palafitohostel.com\/fr\/fotos\/","name":"Fotos - Palafito Hostel Chiloe","isPartOf":{"@id":"https:\/\/palafitohostel.com\/fr\/#website"},"datePublished":"2022-11-08T21:00:49+00:00","dateModified":"2024-08-22T19:27:48+00:00","breadcrumb":{"@id":"https:\/\/palafitohostel.com\/fr\/fotos\/#breadcrumb"},"inLanguage":"fr-FR","potentialAction":[{"@type":"ReadAction","target":["https:\/\/palafitohostel.com\/fr\/fotos\/"]}]},{"@type":"BreadcrumbList","@id":"https:\/\/palafitohostel.com\/fr\/fotos\/#breadcrumb","itemListElement":[{"@type":"ListItem","position":1,"name":"Portada","item":"https:\/\/palafitohostel.com\/fr\/"},{"@type":"ListItem","position":2,"name":"Fotos"}]},{"@type":"WebSite","@id":"https:\/\/palafitohostel.com\/fr\/#website","url":"https:\/\/palafitohostel.com\/fr\/","name":"Palafito Hostel Chiloe","description":"Chiloe","publisher":{"@id":"https:\/\/palafitohostel.com\/fr\/#organization"},"potentialAction":[{"@type":"SearchAction","target":{"@type":"EntryPoint","urlTemplate":"https:\/\/palafitohostel.com\/fr\/?s={search_term_string}"},"query-input":{"@type":"PropertyValueSpecification","valueRequired":true,"valueName":"search_term_string"}}],"inLanguage":"fr-FR"},{"@type":"Organization","@id":"https:\/\/palafitohostel.com\/fr\/#organization","name":"Palafito Hostel Chiloe","url":"https:\/\/palafitohostel.com\/fr\/","logo":{"@type":"ImageObject","inLanguage":"fr-FR","@id":"https:\/\/palafitohostel.com\/fr\/#\/schema\/logo\/image\/","url":"https:\/\/palafitohostel.com\/wp-content\/uploads\/2022\/10\/logo-palafito-hostel-22.svg","contentUrl":"https:\/\/palafitohostel.com\/wp-content\/uploads\/2022\/10\/logo-palafito-hostel-22.svg","width":367,"height":80,"caption":"Palafito Hostel Chiloe"},"image":{"@id":"https:\/\/palafitohostel.com\/fr\/#\/schema\/logo\/image\/"},"sameAs":["https:\/\/facebook.com\/palafitohostel\/","https:\/\/x.com\/palafitohostel","https:\/\/instagram.com\/palafitohostel"]}]}},"_links":{"self":[{"href":"https:\/\/palafitohostel.com\/fr\/wp-json\/wp\/v2\/pages\/3999","targetHints":{"allow":["GET"]}}],"collection":[{"href":"https:\/\/palafitohostel.com\/fr\/wp-json\/wp\/v2\/pages"}],"about":[{"href":"https:\/\/palafitohostel.com\/fr\/wp-json\/wp\/v2\/types\/page"}],"author":[{"embeddable":true,"href":"https:\/\/palafitohostel.com\/fr\/wp-json\/wp\/v2\/users\/1"}],"replies":[{"embeddable":true,"href":"https:\/\/palafitohostel.com\/fr\/wp-json\/wp\/v2\/comments?post=3999"}],"version-history":[{"count":6,"href":"https:\/\/palafitohostel.com\/fr\/wp-json\/wp\/v2\/pages\/3999\/revisions"}],"predecessor-version":[{"id":10674,"href":"https:\/\/palafitohostel.com\/fr\/wp-json\/wp\/v2\/pages\/3999\/revisions\/10674"}],"wp:attachment":[{"href":"https:\/\/palafitohostel.com\/fr\/wp-json\/wp\/v2\/media?parent=3999"}],"curies":[{"name":"wp","href":"https:\/\/api.w.org\/{rel}","templated":true}]}}