{"id":4229,"date":"2022-10-05T20:51:11","date_gmt":"2022-10-06T00:51:11","guid":{"rendered":"https:\/\/palafitohostel.com\/confirmacion-de-reserva\/transaccion-fallida\/"},"modified":"2023-02-02T08:40:08","modified_gmt":"2023-02-02T12:40:08","slug":"transaction-echouee","status":"publish","type":"page","link":"https:\/\/palafitohostel.com\/fr\/confirmation-de-reservation\/transaction-echouee\/","title":{"rendered":"Transaction \u00c9chou\u00e9e"},"content":{"rendered":"<p>Desafortunadamente, tu transacci\u00f3n no puede completarse en este momento. Por favor, int\u00e9ntalo de nuevo o ponte en contacto con nosotros.<\/p>\n","protected":false},"excerpt":{"rendered":"<p>Desafortunadamente, tu transacci\u00f3n no puede completarse en este momento. Por favor, int\u00e9ntalo de nuevo o ponte en contacto con nosotros.<\/p>\n","protected":false},"author":1,"featured_media":0,"parent":4217,"menu_order":0,"comment_status":"closed","ping_status":"closed","template":"","meta":{"inline_featured_image":false,"_joinchat":[],"footnotes":""},"class_list":["post-4229","page","type-page","status-publish","hentry"],"yoast_head":"<!-- This site is optimized with the Yoast SEO plugin v24.7 - https:\/\/yoast.com\/wordpress\/plugins\/seo\/ -->\n<title>Transaction \u00c9chou\u00e9e - Palafito Hostel Chiloe<\/title>\n<meta name=\"robots\" content=\"index, follow, max-snippet:-1, max-image-preview:large, max-video-preview:-1\" \/>\n<link rel=\"canonical\" href=\"https:\/\/palafitohostel.com\/fr\/confirmation-de-reservation\/transaction-echouee\/\" \/>\n<meta property=\"og:locale\" content=\"fr_FR\" \/>\n<meta property=\"og:type\" content=\"article\" \/>\n<meta property=\"og:title\" content=\"Transaction \u00c9chou\u00e9e - Palafito Hostel Chiloe\" \/>\n<meta property=\"og:description\" content=\"Desafortunadamente, tu transacci\u00f3n no puede completarse en este momento. Por favor, int\u00e9ntalo de nuevo o ponte en contacto con nosotros.\" \/>\n<meta property=\"og:url\" content=\"https:\/\/palafitohostel.com\/fr\/confirmation-de-reservation\/transaction-echouee\/\" \/>\n<meta property=\"og:site_name\" content=\"Palafito Hostel Chiloe\" \/>\n<meta property=\"article:publisher\" content=\"https:\/\/facebook.com\/palafitohostel\/\" \/>\n<meta property=\"article:modified_time\" content=\"2023-02-02T12:40:08+00:00\" \/>\n<meta name=\"twitter:card\" content=\"summary_large_image\" \/>\n<meta name=\"twitter:site\" content=\"@palafitohostel\" \/>\n<script type=\"application\/ld+json\" class=\"yoast-schema-graph\">{\"@context\":\"https:\/\/schema.org\",\"@graph\":[{\"@type\":\"WebPage\",\"@id\":\"https:\/\/palafitohostel.com\/fr\/confirmation-de-reservation\/transaction-echouee\/\",\"url\":\"https:\/\/palafitohostel.com\/fr\/confirmation-de-reservation\/transaction-echouee\/\",\"name\":\"Transaction \u00c9chou\u00e9e - Palafito Hostel Chiloe\",\"isPartOf\":{\"@id\":\"https:\/\/palafitohostel.com\/fr\/#website\"},\"datePublished\":\"2022-10-06T00:51:11+00:00\",\"dateModified\":\"2023-02-02T12:40:08+00:00\",\"breadcrumb\":{\"@id\":\"https:\/\/palafitohostel.com\/fr\/confirmation-de-reservation\/transaction-echouee\/#breadcrumb\"},\"inLanguage\":\"fr-FR\",\"potentialAction\":[{\"@type\":\"ReadAction\",\"target\":[\"https:\/\/palafitohostel.com\/fr\/confirmation-de-reservation\/transaction-echouee\/\"]}]},{\"@type\":\"BreadcrumbList\",\"@id\":\"https:\/\/palafitohostel.com\/fr\/confirmation-de-reservation\/transaction-echouee\/#breadcrumb\",\"itemListElement\":[{\"@type\":\"ListItem\",\"position\":1,\"name\":\"Portada\",\"item\":\"https:\/\/palafitohostel.com\/fr\/\"},{\"@type\":\"ListItem\",\"position\":2,\"name\":\"Confirmation de R\u00e9servation\",\"item\":\"https:\/\/palafitohostel.com\/fr\/confirmation-de-reservation\/\"},{\"@type\":\"ListItem\",\"position\":3,\"name\":\"Transaction \u00c9chou\u00e9e\"}]},{\"@type\":\"WebSite\",\"@id\":\"https:\/\/palafitohostel.com\/fr\/#website\",\"url\":\"https:\/\/palafitohostel.com\/fr\/\",\"name\":\"Palafito Hostel Chiloe\",\"description\":\"Chiloe\",\"publisher\":{\"@id\":\"https:\/\/palafitohostel.com\/fr\/#organization\"},\"potentialAction\":[{\"@type\":\"SearchAction\",\"target\":{\"@type\":\"EntryPoint\",\"urlTemplate\":\"https:\/\/palafitohostel.com\/fr\/?s={search_term_string}\"},\"query-input\":{\"@type\":\"PropertyValueSpecification\",\"valueRequired\":true,\"valueName\":\"search_term_string\"}}],\"inLanguage\":\"fr-FR\"},{\"@type\":\"Organization\",\"@id\":\"https:\/\/palafitohostel.com\/fr\/#organization\",\"name\":\"Palafito Hostel Chiloe\",\"url\":\"https:\/\/palafitohostel.com\/fr\/\",\"logo\":{\"@type\":\"ImageObject\",\"inLanguage\":\"fr-FR\",\"@id\":\"https:\/\/palafitohostel.com\/fr\/#\/schema\/logo\/image\/\",\"url\":\"https:\/\/palafitohostel.com\/wp-content\/uploads\/2022\/10\/logo-palafito-hostel-22.svg\",\"contentUrl\":\"https:\/\/palafitohostel.com\/wp-content\/uploads\/2022\/10\/logo-palafito-hostel-22.svg\",\"width\":367,\"height\":80,\"caption\":\"Palafito Hostel Chiloe\"},\"image\":{\"@id\":\"https:\/\/palafitohostel.com\/fr\/#\/schema\/logo\/image\/\"},\"sameAs\":[\"https:\/\/facebook.com\/palafitohostel\/\",\"https:\/\/x.com\/palafitohostel\",\"https:\/\/instagram.com\/palafitohostel\"]}]}<\/script>\n<!-- \/ Yoast SEO plugin. -->","yoast_head_json":{"title":"Transaction \u00c9chou\u00e9e - Palafito Hostel Chiloe","robots":{"index":"index","follow":"follow","max-snippet":"max-snippet:-1","max-image-preview":"max-image-preview:large","max-video-preview":"max-video-preview:-1"},"canonical":"https:\/\/palafitohostel.com\/fr\/confirmation-de-reservation\/transaction-echouee\/","og_locale":"fr_FR","og_type":"article","og_title":"Transaction \u00c9chou\u00e9e - Palafito Hostel Chiloe","og_description":"Desafortunadamente, tu transacci\u00f3n no puede completarse en este momento. Por favor, int\u00e9ntalo de nuevo o ponte en contacto con nosotros.","og_url":"https:\/\/palafitohostel.com\/fr\/confirmation-de-reservation\/transaction-echouee\/","og_site_name":"Palafito Hostel Chiloe","article_publisher":"https:\/\/facebook.com\/palafitohostel\/","article_modified_time":"2023-02-02T12:40:08+00:00","twitter_card":"summary_large_image","twitter_site":"@palafitohostel","schema":{"@context":"https:\/\/schema.org","@graph":[{"@type":"WebPage","@id":"https:\/\/palafitohostel.com\/fr\/confirmation-de-reservation\/transaction-echouee\/","url":"https:\/\/palafitohostel.com\/fr\/confirmation-de-reservation\/transaction-echouee\/","name":"Transaction \u00c9chou\u00e9e - Palafito Hostel Chiloe","isPartOf":{"@id":"https:\/\/palafitohostel.com\/fr\/#website"},"datePublished":"2022-10-06T00:51:11+00:00","dateModified":"2023-02-02T12:40:08+00:00","breadcrumb":{"@id":"https:\/\/palafitohostel.com\/fr\/confirmation-de-reservation\/transaction-echouee\/#breadcrumb"},"inLanguage":"fr-FR","potentialAction":[{"@type":"ReadAction","target":["https:\/\/palafitohostel.com\/fr\/confirmation-de-reservation\/transaction-echouee\/"]}]},{"@type":"BreadcrumbList","@id":"https:\/\/palafitohostel.com\/fr\/confirmation-de-reservation\/transaction-echouee\/#breadcrumb","itemListElement":[{"@type":"ListItem","position":1,"name":"Portada","item":"https:\/\/palafitohostel.com\/fr\/"},{"@type":"ListItem","position":2,"name":"Confirmation de R\u00e9servation","item":"https:\/\/palafitohostel.com\/fr\/confirmation-de-reservation\/"},{"@type":"ListItem","position":3,"name":"Transaction \u00c9chou\u00e9e"}]},{"@type":"WebSite","@id":"https:\/\/palafitohostel.com\/fr\/#website","url":"https:\/\/palafitohostel.com\/fr\/","name":"Palafito Hostel Chiloe","description":"Chiloe","publisher":{"@id":"https:\/\/palafitohostel.com\/fr\/#organization"},"potentialAction":[{"@type":"SearchAction","target":{"@type":"EntryPoint","urlTemplate":"https:\/\/palafitohostel.com\/fr\/?s={search_term_string}"},"query-input":{"@type":"PropertyValueSpecification","valueRequired":true,"valueName":"search_term_string"}}],"inLanguage":"fr-FR"},{"@type":"Organization","@id":"https:\/\/palafitohostel.com\/fr\/#organization","name":"Palafito Hostel Chiloe","url":"https:\/\/palafitohostel.com\/fr\/","logo":{"@type":"ImageObject","inLanguage":"fr-FR","@id":"https:\/\/palafitohostel.com\/fr\/#\/schema\/logo\/image\/","url":"https:\/\/palafitohostel.com\/wp-content\/uploads\/2022\/10\/logo-palafito-hostel-22.svg","contentUrl":"https:\/\/palafitohostel.com\/wp-content\/uploads\/2022\/10\/logo-palafito-hostel-22.svg","width":367,"height":80,"caption":"Palafito Hostel Chiloe"},"image":{"@id":"https:\/\/palafitohostel.com\/fr\/#\/schema\/logo\/image\/"},"sameAs":["https:\/\/facebook.com\/palafitohostel\/","https:\/\/x.com\/palafitohostel","https:\/\/instagram.com\/palafitohostel"]}]}},"_links":{"self":[{"href":"https:\/\/palafitohostel.com\/fr\/wp-json\/wp\/v2\/pages\/4229","targetHints":{"allow":["GET"]}}],"collection":[{"href":"https:\/\/palafitohostel.com\/fr\/wp-json\/wp\/v2\/pages"}],"about":[{"href":"https:\/\/palafitohostel.com\/fr\/wp-json\/wp\/v2\/types\/page"}],"author":[{"embeddable":true,"href":"https:\/\/palafitohostel.com\/fr\/wp-json\/wp\/v2\/users\/1"}],"replies":[{"embeddable":true,"href":"https:\/\/palafitohostel.com\/fr\/wp-json\/wp\/v2\/comments?post=4229"}],"version-history":[{"count":1,"href":"https:\/\/palafitohostel.com\/fr\/wp-json\/wp\/v2\/pages\/4229\/revisions"}],"predecessor-version":[{"id":4270,"href":"https:\/\/palafitohostel.com\/fr\/wp-json\/wp\/v2\/pages\/4229\/revisions\/4270"}],"up":[{"embeddable":true,"href":"https:\/\/palafitohostel.com\/fr\/wp-json\/wp\/v2\/pages\/4217"}],"wp:attachment":[{"href":"https:\/\/palafitohostel.com\/fr\/wp-json\/wp\/v2\/media?parent=4229"}],"curies":[{"name":"wp","href":"https:\/\/api.w.org\/{rel}","templated":true}]}}