{"id":4244,"date":"2022-11-01T13:24:32","date_gmt":"2022-11-01T17:24:32","guid":{"rendered":"https:\/\/palafitohostel.com\/menu\/"},"modified":"2023-08-25T17:58:41","modified_gmt":"2023-08-25T21:58:41","slug":"menu","status":"publish","type":"page","link":"https:\/\/palafitohostel.com\/fr\/menu\/","title":{"rendered":"Men\u00fa"},"content":{"rendered":"\t\t<div data-elementor-type=\"wp-page\" data-elementor-id=\"4244\" class=\"elementor elementor-4244 elementor-1913\">\n\t\t\t\t\t\t<section class=\"elementor-section elementor-top-section elementor-element elementor-element-4194ff87 elementor-section-boxed elementor-section-height-default elementor-section-height-default\" data-id=\"4194ff87\" data-element_type=\"section\">\n\t\t\t\t\t\t<div class=\"elementor-container elementor-column-gap-default\">\n\t\t\t\t\t<div class=\"elementor-column elementor-col-100 elementor-top-column elementor-element elementor-element-39ccb62e\" data-id=\"39ccb62e\" data-element_type=\"column\">\n\t\t\t<div class=\"elementor-widget-wrap elementor-element-populated\">\n\t\t\t\t\t\t<div class=\"elementor-element elementor-element-4de9eb0 elementor-widget elementor-widget-shortcode\" data-id=\"4de9eb0\" data-element_type=\"widget\" data-widget_type=\"shortcode.default\">\n\t\t\t\t<div class=\"elementor-widget-container\">\n\t\t\t\t\t\t\t<div class=\"elementor-shortcode\"><div class=\"wpc-food-tab-wrapper wpc-nav-shortcode main_wrapper_3acde983e02d81102fb2ec84b3943f81\" data-id=\"3acde983e02d81102fb2ec84b3943f81\">\n    \n    \t\t\t<ul class=\"wpc-nav\">\n\t\t\t\t\t\t\t\t\t\t<li>\n\t\t\t\t\t\t\t\t\t<a href='#' class='wpc-tab-a wpc-active' data-id='tab_0'\n\t\t\t\t\t\t\t\t\tdata-cat_id='129'>\n\t\t\t\t\t\t\t\t\t\t\t<span>De mar y tierra<\/span>\n\t\t\t\t\t\t\t\t\t<\/a>\n\t\t\t\t\t\t\t<\/li>\n\t\t\t\t\t\t\t\t\t\t\t\t\t\t<li>\n\t\t\t\t\t\t\t\t\t<a href='#' class='wpc-tab-a  ' data-id='tab_1'\n\t\t\t\t\t\t\t\t\tdata-cat_id='130'>\n\t\t\t\t\t\t\t\t\t\t\t<span>Tablas para 2 personas<\/span>\n\t\t\t\t\t\t\t\t\t<\/a>\n\t\t\t\t\t\t\t<\/li>\n\t\t\t\t\t\t\t\t\t\t\t\t\t\t<li>\n\t\t\t\t\t\t\t\t\t<a href='#' class='wpc-tab-a  ' data-id='tab_2'\n\t\t\t\t\t\t\t\t\tdata-cat_id='131'>\n\t\t\t\t\t\t\t\t\t\t\t<span>Pizzas<\/span>\n\t\t\t\t\t\t\t\t\t<\/a>\n\t\t\t\t\t\t\t<\/li>\n\t\t\t\t\t\t\t\t\t\t\t\t\t\t<li>\n\t\t\t\t\t\t\t\t\t<a href='#' class='wpc-tab-a  ' data-id='tab_3'\n\t\t\t\t\t\t\t\t\tdata-cat_id='135'>\n\t\t\t\t\t\t\t\t\t\t\t<span>Ensaladas<\/span>\n\t\t\t\t\t\t\t\t\t<\/a>\n\t\t\t\t\t\t\t<\/li>\n\t\t\t\t\t\t\t\t\t\t\t\t\t\t<li>\n\t\t\t\t\t\t\t\t\t<a href='#' class='wpc-tab-a  ' data-id='tab_4'\n\t\t\t\t\t\t\t\t\tdata-cat_id='132'>\n\t\t\t\t\t\t\t\t\t\t\t<span>Reposter\u00eda de la chilota sin gluten<\/span>\n\t\t\t\t\t\t\t\t\t<\/a>\n\t\t\t\t\t\t\t<\/li>\n\t\t\t\t\t\t\t\t\t\t\t\t\t\t<li>\n\t\t\t\t\t\t\t\t\t<a href='#' class='wpc-tab-a  ' data-id='tab_5'\n\t\t\t\t\t\t\t\t\tdata-cat_id='133'>\n\t\t\t\t\t\t\t\t\t\t\t<span>Barra<\/span>\n\t\t\t\t\t\t\t\t\t<\/a>\n\t\t\t\t\t\t\t<\/li>\n\t\t\t\t\t\t\t\t\t\t\t\t\t\t<li>\n\t\t\t\t\t\t\t\t\t<a href='#' class='wpc-tab-a  ' data-id='tab_6'\n\t\t\t\t\t\t\t\t\tdata-cat_id='134'>\n\t\t\t\t\t\t\t\t\t\t\t<span>Vinos Valle del Maule<\/span>\n\t\t\t\t\t\t\t\t\t<\/a>\n\t\t\t\t\t\t\t<\/li>\n\t\t\t\t\t\t\t\t\t\t<\/ul>\n\t\t\t    \n    <div class=\"wpc-tab-content wpc-widget-wrapper\">\n        \t\t\t<div class='wpc-tab tab-active' data-id='tab_0' data-cat_id='129'>\n\t\t\t\t\t<div class=\"tab_template_129_3acde983e02d81102fb2ec84b3943f81\"><\/div>\n\t\t\t\t\t<div class=\"template_data_129_3acde983e02d81102fb2ec84b3943f81\">\n\t\t\t\t\t\t\t\t\t\t\t\t<\/div>\n\t\t\t<\/div><!-- Tab pane 1 end -->\n\t\t\t\t\t\t<div class='wpc-tab  ' data-id='tab_1' data-cat_id='130'>\n\t\t\t\t\t<div class=\"tab_template_130_3acde983e02d81102fb2ec84b3943f81\"><\/div>\n\t\t\t\t\t<div class=\"template_data_130_3acde983e02d81102fb2ec84b3943f81\">\n\t\t\t\t\t\t\t\t\t\t\t\t<\/div>\n\t\t\t<\/div><!-- Tab pane 1 end -->\n\t\t\t\t\t\t<div class='wpc-tab  ' data-id='tab_2' data-cat_id='131'>\n\t\t\t\t\t<div class=\"tab_template_131_3acde983e02d81102fb2ec84b3943f81\"><\/div>\n\t\t\t\t\t<div class=\"template_data_131_3acde983e02d81102fb2ec84b3943f81\">\n\t\t\t\t\t\t\t\t\t\t\t\t<\/div>\n\t\t\t<\/div><!-- Tab pane 1 end -->\n\t\t\t\t\t\t<div class='wpc-tab  ' data-id='tab_3' data-cat_id='135'>\n\t\t\t\t\t<div class=\"tab_template_135_3acde983e02d81102fb2ec84b3943f81\"><\/div>\n\t\t\t\t\t<div class=\"template_data_135_3acde983e02d81102fb2ec84b3943f81\">\n\t\t\t\t\t\t\t\t\t\t\t\t<\/div>\n\t\t\t<\/div><!-- Tab pane 1 end -->\n\t\t\t\t\t\t<div class='wpc-tab  ' data-id='tab_4' data-cat_id='132'>\n\t\t\t\t\t<div class=\"tab_template_132_3acde983e02d81102fb2ec84b3943f81\"><\/div>\n\t\t\t\t\t<div class=\"template_data_132_3acde983e02d81102fb2ec84b3943f81\">\n\t\t\t\t\t\t\t\t\t\t\t\t<\/div>\n\t\t\t<\/div><!-- Tab pane 1 end -->\n\t\t\t\t\t\t<div class='wpc-tab  ' data-id='tab_5' data-cat_id='133'>\n\t\t\t\t\t<div class=\"tab_template_133_3acde983e02d81102fb2ec84b3943f81\"><\/div>\n\t\t\t\t\t<div class=\"template_data_133_3acde983e02d81102fb2ec84b3943f81\">\n\t\t\t\t\t\t\t\t\t\t\t\t<\/div>\n\t\t\t<\/div><!-- Tab pane 1 end -->\n\t\t\t\t\t\t<div class='wpc-tab  ' data-id='tab_6' data-cat_id='134'>\n\t\t\t\t\t<div class=\"tab_template_134_3acde983e02d81102fb2ec84b3943f81\"><\/div>\n\t\t\t\t\t<div class=\"template_data_134_3acde983e02d81102fb2ec84b3943f81\">\n\t\t\t\t\t\t\t\t\t\t\t\t<\/div>\n\t\t\t<\/div><!-- Tab pane 1 end -->\n\t\t\t    <\/div><!-- Tab content-->\n<\/div>\n<\/div>\n\t\t\t\t\t\t<\/div>\n\t\t\t\t<\/div>\n\t\t\t\t\t<\/div>\n\t\t<\/div>\n\t\t\t\t\t<\/div>\n\t\t<\/section>\n\t\t\t\t<section class=\"elementor-section elementor-top-section elementor-element elementor-element-a1328f1 elementor-section-boxed elementor-section-height-default elementor-section-height-default\" data-id=\"a1328f1\" data-element_type=\"section\">\n\t\t\t\t\t\t<div class=\"elementor-container elementor-column-gap-default\">\n\t\t\t\t\t<div class=\"elementor-column elementor-col-100 elementor-top-column elementor-element elementor-element-4f31a41\" data-id=\"4f31a41\" data-element_type=\"column\">\n\t\t\t<div class=\"elementor-widget-wrap elementor-element-populated\">\n\t\t\t\t\t\t<div class=\"elementor-element elementor-element-8997e0e elementor-widget elementor-widget-text-editor\" data-id=\"8997e0e\" data-element_type=\"widget\" data-widget_type=\"text-editor.default\">\n\t\t\t\t<div class=\"elementor-widget-container\">\n\t\t\t\t\t\t\t\t\t<p><em>(*) Los valores est\u00e1n en CLP y no incluyen propina.<\/em> <em>Las im\u00e1genes son solo a modo ilustrativo.<\/em><\/p>\t\t\t\t\t\t\t\t<\/div>\n\t\t\t\t<\/div>\n\t\t\t\t\t<\/div>\n\t\t<\/div>\n\t\t\t\t\t<\/div>\n\t\t<\/section>\n\t\t\t\t<\/div>\n\t\t","protected":false},"excerpt":{"rendered":"<p>(*) Los valores est\u00e1n en CLP y no incluyen propina. Las im\u00e1genes son solo a modo ilustrativo.<\/p>\n","protected":false},"author":1,"featured_media":0,"parent":0,"menu_order":0,"comment_status":"closed","ping_status":"closed","template":"template-full-width-page.php","meta":{"inline_featured_image":false,"_joinchat":[],"footnotes":""},"class_list":["post-4244","page","type-page","status-publish","hentry"],"yoast_head":"<!-- This site is optimized with the Yoast SEO plugin v24.7 - https:\/\/yoast.com\/wordpress\/plugins\/seo\/ -->\n<title>Men\u00fa Digital de Espacio Alquimia | Palafito Hostel Boutique Chilo\u00e9<\/title>\n<meta name=\"description\" content=\"Men\u00fa Digital de Espacio Alquimia | Palafito Hostel Boutique Chilo\u00e9\" \/>\n<meta name=\"robots\" content=\"index, follow, max-snippet:-1, max-image-preview:large, max-video-preview:-1\" \/>\n<link rel=\"canonical\" href=\"https:\/\/palafitohostel.com\/fr\/menu\/\" \/>\n<meta property=\"og:locale\" content=\"fr_FR\" \/>\n<meta property=\"og:type\" content=\"article\" \/>\n<meta property=\"og:title\" content=\"Men\u00fa Digital de Espacio Alquimia | Palafito Hostel Boutique Chilo\u00e9\" \/>\n<meta property=\"og:description\" content=\"Men\u00fa Digital de Espacio Alquimia | Palafito Hostel Boutique Chilo\u00e9\" \/>\n<meta property=\"og:url\" content=\"https:\/\/palafitohostel.com\/fr\/menu\/\" \/>\n<meta property=\"og:site_name\" content=\"Palafito Hostel Chiloe\" \/>\n<meta property=\"article:publisher\" content=\"https:\/\/facebook.com\/palafitohostel\/\" \/>\n<meta property=\"article:modified_time\" content=\"2023-08-25T21:58:41+00:00\" \/>\n<meta name=\"twitter:card\" content=\"summary_large_image\" \/>\n<meta name=\"twitter:site\" content=\"@palafitohostel\" \/>\n<script type=\"application\/ld+json\" class=\"yoast-schema-graph\">{\"@context\":\"https:\/\/schema.org\",\"@graph\":[{\"@type\":\"WebPage\",\"@id\":\"https:\/\/palafitohostel.com\/fr\/menu\/\",\"url\":\"https:\/\/palafitohostel.com\/fr\/menu\/\",\"name\":\"Men\u00fa Digital de Espacio Alquimia | Palafito Hostel Boutique Chilo\u00e9\",\"isPartOf\":{\"@id\":\"https:\/\/palafitohostel.com\/fr\/#website\"},\"datePublished\":\"2022-11-01T17:24:32+00:00\",\"dateModified\":\"2023-08-25T21:58:41+00:00\",\"description\":\"Men\u00fa Digital de Espacio Alquimia | Palafito Hostel Boutique Chilo\u00e9\",\"breadcrumb\":{\"@id\":\"https:\/\/palafitohostel.com\/fr\/menu\/#breadcrumb\"},\"inLanguage\":\"fr-FR\",\"potentialAction\":[{\"@type\":\"ReadAction\",\"target\":[\"https:\/\/palafitohostel.com\/fr\/menu\/\"]}]},{\"@type\":\"BreadcrumbList\",\"@id\":\"https:\/\/palafitohostel.com\/fr\/menu\/#breadcrumb\",\"itemListElement\":[{\"@type\":\"ListItem\",\"position\":1,\"name\":\"Portada\",\"item\":\"https:\/\/palafitohostel.com\/fr\/\"},{\"@type\":\"ListItem\",\"position\":2,\"name\":\"Men\u00fa\"}]},{\"@type\":\"WebSite\",\"@id\":\"https:\/\/palafitohostel.com\/fr\/#website\",\"url\":\"https:\/\/palafitohostel.com\/fr\/\",\"name\":\"Palafito Hostel Chiloe\",\"description\":\"Chiloe\",\"publisher\":{\"@id\":\"https:\/\/palafitohostel.com\/fr\/#organization\"},\"potentialAction\":[{\"@type\":\"SearchAction\",\"target\":{\"@type\":\"EntryPoint\",\"urlTemplate\":\"https:\/\/palafitohostel.com\/fr\/?s={search_term_string}\"},\"query-input\":{\"@type\":\"PropertyValueSpecification\",\"valueRequired\":true,\"valueName\":\"search_term_string\"}}],\"inLanguage\":\"fr-FR\"},{\"@type\":\"Organization\",\"@id\":\"https:\/\/palafitohostel.com\/fr\/#organization\",\"name\":\"Palafito Hostel Chiloe\",\"url\":\"https:\/\/palafitohostel.com\/fr\/\",\"logo\":{\"@type\":\"ImageObject\",\"inLanguage\":\"fr-FR\",\"@id\":\"https:\/\/palafitohostel.com\/fr\/#\/schema\/logo\/image\/\",\"url\":\"https:\/\/palafitohostel.com\/wp-content\/uploads\/2022\/10\/logo-palafito-hostel-22.svg\",\"contentUrl\":\"https:\/\/palafitohostel.com\/wp-content\/uploads\/2022\/10\/logo-palafito-hostel-22.svg\",\"width\":367,\"height\":80,\"caption\":\"Palafito Hostel Chiloe\"},\"image\":{\"@id\":\"https:\/\/palafitohostel.com\/fr\/#\/schema\/logo\/image\/\"},\"sameAs\":[\"https:\/\/facebook.com\/palafitohostel\/\",\"https:\/\/x.com\/palafitohostel\",\"https:\/\/instagram.com\/palafitohostel\"]}]}<\/script>\n<!-- \/ Yoast SEO plugin. -->","yoast_head_json":{"title":"Men\u00fa Digital de Espacio Alquimia | Palafito Hostel Boutique Chilo\u00e9","description":"Men\u00fa Digital de Espacio Alquimia | Palafito Hostel Boutique Chilo\u00e9","robots":{"index":"index","follow":"follow","max-snippet":"max-snippet:-1","max-image-preview":"max-image-preview:large","max-video-preview":"max-video-preview:-1"},"canonical":"https:\/\/palafitohostel.com\/fr\/menu\/","og_locale":"fr_FR","og_type":"article","og_title":"Men\u00fa Digital de Espacio Alquimia | Palafito Hostel Boutique Chilo\u00e9","og_description":"Men\u00fa Digital de Espacio Alquimia | Palafito Hostel Boutique Chilo\u00e9","og_url":"https:\/\/palafitohostel.com\/fr\/menu\/","og_site_name":"Palafito Hostel Chiloe","article_publisher":"https:\/\/facebook.com\/palafitohostel\/","article_modified_time":"2023-08-25T21:58:41+00:00","twitter_card":"summary_large_image","twitter_site":"@palafitohostel","schema":{"@context":"https:\/\/schema.org","@graph":[{"@type":"WebPage","@id":"https:\/\/palafitohostel.com\/fr\/menu\/","url":"https:\/\/palafitohostel.com\/fr\/menu\/","name":"Men\u00fa Digital de Espacio Alquimia | Palafito Hostel Boutique Chilo\u00e9","isPartOf":{"@id":"https:\/\/palafitohostel.com\/fr\/#website"},"datePublished":"2022-11-01T17:24:32+00:00","dateModified":"2023-08-25T21:58:41+00:00","description":"Men\u00fa Digital de Espacio Alquimia | Palafito Hostel Boutique Chilo\u00e9","breadcrumb":{"@id":"https:\/\/palafitohostel.com\/fr\/menu\/#breadcrumb"},"inLanguage":"fr-FR","potentialAction":[{"@type":"ReadAction","target":["https:\/\/palafitohostel.com\/fr\/menu\/"]}]},{"@type":"BreadcrumbList","@id":"https:\/\/palafitohostel.com\/fr\/menu\/#breadcrumb","itemListElement":[{"@type":"ListItem","position":1,"name":"Portada","item":"https:\/\/palafitohostel.com\/fr\/"},{"@type":"ListItem","position":2,"name":"Men\u00fa"}]},{"@type":"WebSite","@id":"https:\/\/palafitohostel.com\/fr\/#website","url":"https:\/\/palafitohostel.com\/fr\/","name":"Palafito Hostel Chiloe","description":"Chiloe","publisher":{"@id":"https:\/\/palafitohostel.com\/fr\/#organization"},"potentialAction":[{"@type":"SearchAction","target":{"@type":"EntryPoint","urlTemplate":"https:\/\/palafitohostel.com\/fr\/?s={search_term_string}"},"query-input":{"@type":"PropertyValueSpecification","valueRequired":true,"valueName":"search_term_string"}}],"inLanguage":"fr-FR"},{"@type":"Organization","@id":"https:\/\/palafitohostel.com\/fr\/#organization","name":"Palafito Hostel Chiloe","url":"https:\/\/palafitohostel.com\/fr\/","logo":{"@type":"ImageObject","inLanguage":"fr-FR","@id":"https:\/\/palafitohostel.com\/fr\/#\/schema\/logo\/image\/","url":"https:\/\/palafitohostel.com\/wp-content\/uploads\/2022\/10\/logo-palafito-hostel-22.svg","contentUrl":"https:\/\/palafitohostel.com\/wp-content\/uploads\/2022\/10\/logo-palafito-hostel-22.svg","width":367,"height":80,"caption":"Palafito Hostel Chiloe"},"image":{"@id":"https:\/\/palafitohostel.com\/fr\/#\/schema\/logo\/image\/"},"sameAs":["https:\/\/facebook.com\/palafitohostel\/","https:\/\/x.com\/palafitohostel","https:\/\/instagram.com\/palafitohostel"]}]}},"_links":{"self":[{"href":"https:\/\/palafitohostel.com\/fr\/wp-json\/wp\/v2\/pages\/4244","targetHints":{"allow":["GET"]}}],"collection":[{"href":"https:\/\/palafitohostel.com\/fr\/wp-json\/wp\/v2\/pages"}],"about":[{"href":"https:\/\/palafitohostel.com\/fr\/wp-json\/wp\/v2\/types\/page"}],"author":[{"embeddable":true,"href":"https:\/\/palafitohostel.com\/fr\/wp-json\/wp\/v2\/users\/1"}],"replies":[{"embeddable":true,"href":"https:\/\/palafitohostel.com\/fr\/wp-json\/wp\/v2\/comments?post=4244"}],"version-history":[{"count":4,"href":"https:\/\/palafitohostel.com\/fr\/wp-json\/wp\/v2\/pages\/4244\/revisions"}],"predecessor-version":[{"id":7414,"href":"https:\/\/palafitohostel.com\/fr\/wp-json\/wp\/v2\/pages\/4244\/revisions\/7414"}],"wp:attachment":[{"href":"https:\/\/palafitohostel.com\/fr\/wp-json\/wp\/v2\/media?parent=4244"}],"curies":[{"name":"wp","href":"https:\/\/api.w.org\/{rel}","templated":true}]}}