{"id":4295,"date":"2018-07-19T13:15:33","date_gmt":"2018-07-19T17:15:33","guid":{"rendered":"https:\/\/palafitohostel.com\/contacto\/"},"modified":"2023-02-02T16:03:36","modified_gmt":"2023-02-02T20:03:36","slug":"contato","status":"publish","type":"page","link":"https:\/\/palafitohostel.com\/pt-br\/contato\/","title":{"rendered":"Contato"},"content":{"rendered":"\t\t<div data-elementor-type=\"wp-post\" data-elementor-id=\"4295\" class=\"elementor elementor-4295 elementor-175\">\n\t\t\t\t\t\t<section class=\"elementor-section elementor-top-section elementor-element elementor-element-f4792c9 elementor-section-boxed elementor-section-height-default elementor-section-height-default\" data-id=\"f4792c9\" data-element_type=\"section\">\n\t\t\t\t\t\t<div class=\"elementor-container elementor-column-gap-default\">\n\t\t\t\t\t<div class=\"elementor-column elementor-col-33 elementor-top-column elementor-element elementor-element-498c077\" data-id=\"498c077\" data-element_type=\"column\">\n\t\t\t<div class=\"elementor-widget-wrap elementor-element-populated\">\n\t\t\t\t\t\t<div class=\"elementor-element elementor-element-703a616 elementor-icon-list--layout-inline elementor-align-left elementor-list-item-link-full_width elementor-widget elementor-widget-icon-list\" data-id=\"703a616\" data-element_type=\"widget\" data-widget_type=\"icon-list.default\">\n\t\t\t\t<div class=\"elementor-widget-container\">\n\t\t\t\t\t\t\t<ul class=\"elementor-icon-list-items elementor-inline-items\">\n\t\t\t\t\t\t\t<li class=\"elementor-icon-list-item elementor-inline-item\">\n\t\t\t\t\t\t\t\t\t\t\t<span class=\"elementor-icon-list-icon\">\n\t\t\t\t\t\t\t<i aria-hidden=\"true\" class=\"fas fa-map-marker-alt\"><\/i>\t\t\t\t\t\t<\/span>\n\t\t\t\t\t\t\t\t\t\t<span class=\"elementor-icon-list-text\">Rua Ernesto Riquelme #1210<\/span>\n\t\t\t\t\t\t\t\t\t<\/li>\n\t\t\t\t\t\t<\/ul>\n\t\t\t\t\t\t<\/div>\n\t\t\t\t<\/div>\n\t\t\t\t\t<\/div>\n\t\t<\/div>\n\t\t\t\t<div class=\"elementor-column elementor-col-33 elementor-top-column elementor-element elementor-element-7d9f94e\" data-id=\"7d9f94e\" data-element_type=\"column\">\n\t\t\t<div class=\"elementor-widget-wrap elementor-element-populated\">\n\t\t\t\t\t\t<div class=\"elementor-element elementor-element-f7690ec elementor-icon-list--layout-inline elementor-align-left elementor-list-item-link-full_width elementor-widget elementor-widget-icon-list\" data-id=\"f7690ec\" data-element_type=\"widget\" data-widget_type=\"icon-list.default\">\n\t\t\t\t<div class=\"elementor-widget-container\">\n\t\t\t\t\t\t\t<ul class=\"elementor-icon-list-items elementor-inline-items\">\n\t\t\t\t\t\t\t<li class=\"elementor-icon-list-item elementor-inline-item\">\n\t\t\t\t\t\t\t\t\t\t\t<a href=\"https:\/\/wa.me\/56933944275?text=Hola!\" target=\"_blank\">\n\n\t\t\t\t\t\t\t\t\t\t\t\t<span class=\"elementor-icon-list-icon\">\n\t\t\t\t\t\t\t<i aria-hidden=\"true\" class=\"fas fa-mobile-alt\"><\/i>\t\t\t\t\t\t<\/span>\n\t\t\t\t\t\t\t\t\t\t<span class=\"elementor-icon-list-text\">+56 65 253 1008 <\/span>\n\t\t\t\t\t\t\t\t\t\t\t<\/a>\n\t\t\t\t\t\t\t\t\t<\/li>\n\t\t\t\t\t\t<\/ul>\n\t\t\t\t\t\t<\/div>\n\t\t\t\t<\/div>\n\t\t\t\t\t<\/div>\n\t\t<\/div>\n\t\t\t\t<div class=\"elementor-column elementor-col-33 elementor-top-column elementor-element elementor-element-230ff72\" data-id=\"230ff72\" data-element_type=\"column\">\n\t\t\t<div class=\"elementor-widget-wrap elementor-element-populated\">\n\t\t\t\t\t\t<div class=\"elementor-element elementor-element-2a54445 elementor-icon-list--layout-inline elementor-list-item-link-full_width elementor-widget elementor-widget-icon-list\" data-id=\"2a54445\" data-element_type=\"widget\" data-widget_type=\"icon-list.default\">\n\t\t\t\t<div class=\"elementor-widget-container\">\n\t\t\t\t\t\t\t<ul class=\"elementor-icon-list-items elementor-inline-items\">\n\t\t\t\t\t\t\t<li class=\"elementor-icon-list-item elementor-inline-item\">\n\t\t\t\t\t\t\t\t\t\t\t<span class=\"elementor-icon-list-icon\">\n\t\t\t\t\t\t\t<i aria-hidden=\"true\" class=\"fas fa-at\"><\/i>\t\t\t\t\t\t<\/span>\n\t\t\t\t\t\t\t\t\t\t<span class=\"elementor-icon-list-text\">chiloe @ palafitohostel.com<\/span>\n\t\t\t\t\t\t\t\t\t<\/li>\n\t\t\t\t\t\t<\/ul>\n\t\t\t\t\t\t<\/div>\n\t\t\t\t<\/div>\n\t\t\t\t\t<\/div>\n\t\t<\/div>\n\t\t\t\t\t<\/div>\n\t\t<\/section>\n\t\t\t\t<section class=\"elementor-section elementor-top-section elementor-element elementor-element-8c1d120 elementor-section-boxed elementor-section-height-default elementor-section-height-default\" data-id=\"8c1d120\" data-element_type=\"section\">\n\t\t\t\t\t\t<div class=\"elementor-container elementor-column-gap-default\">\n\t\t\t\t\t<div class=\"elementor-column elementor-col-50 elementor-top-column elementor-element elementor-element-07a4e1a\" data-id=\"07a4e1a\" data-element_type=\"column\">\n\t\t\t<div class=\"elementor-widget-wrap elementor-element-populated\">\n\t\t\t\t\t\t<div class=\"elementor-element elementor-element-3545bda elementor-widget elementor-widget-heading\" data-id=\"3545bda\" data-element_type=\"widget\" data-widget_type=\"heading.default\">\n\t\t\t\t<div class=\"elementor-widget-container\">\n\t\t\t\t\t<h2 class=\"elementor-heading-title elementor-size-default\">\u00bfC\u00f3mo chegar?<\/h2>\t\t\t\t<\/div>\n\t\t\t\t<\/div>\n\t\t\t\t<div class=\"elementor-element elementor-element-3eec153 elementor-widget elementor-widget-text-editor\" data-id=\"3eec153\" data-element_type=\"widget\" data-widget_type=\"text-editor.default\">\n\t\t\t\t<div class=\"elementor-widget-container\">\n\t\t\t\t\t\t\t\t\t<p>A partir dos dois terminais de \u00f4nibus, no centro da cidade, voc\u00ea pode seguir a p\u00e9 ao longo do caminho que leva \u00e0 pra\u00e7a-mirante <strong>&#8220;Palafitos de Gamboa&#8221;.<\/strong> Ou pegar o micro-\u00f4nibus, linhas Gamboa ou Nercon, qualquer uma das duas serve. Voc\u00ea tamb\u00e9m pode pegar um t\u00e1xi ou um &#8220;colectivo&#8221; que \u00e9 como um t\u00e1xi compartilhado.<\/p><p>O aeroporto Mocupulli-Dalcahue, que serve a cidade de Castro, fica a aproximadamente 20 minutos de dist\u00e2ncia. Voc\u00ea pode pegar \u00f4nibus, transfer ou t\u00e1xi. <strong>Palafito Hostel<\/strong> oferece traslado para o aeroporto, que deve ser pago no momento da reserva para garantir a disponibilidade.<\/p>\t\t\t\t\t\t\t\t<\/div>\n\t\t\t\t<\/div>\n\t\t\t\t\t<\/div>\n\t\t<\/div>\n\t\t\t\t<div class=\"elementor-column elementor-col-50 elementor-top-column elementor-element elementor-element-3d0cafd\" data-id=\"3d0cafd\" data-element_type=\"column\">\n\t\t\t<div class=\"elementor-widget-wrap elementor-element-populated\">\n\t\t\t\t\t\t<div class=\"elementor-element elementor-element-5e1f62e elementor-widget elementor-widget-heading\" data-id=\"5e1f62e\" data-element_type=\"widget\" data-widget_type=\"heading.default\">\n\t\t\t\t<div class=\"elementor-widget-container\">\n\t\t\t\t\t<h2 class=\"elementor-heading-title elementor-size-default\">D\u00favidas? Escreva para n\u00f3s<\/h2>\t\t\t\t<\/div>\n\t\t\t\t<\/div>\n\t\t\t\t<div class=\"elementor-element elementor-element-1903214 elementor-widget elementor-widget-spacer\" data-id=\"1903214\" data-element_type=\"widget\" data-widget_type=\"spacer.default\">\n\t\t\t\t<div class=\"elementor-widget-container\">\n\t\t\t\t\t\t\t<div class=\"elementor-spacer\">\n\t\t\t<div class=\"elementor-spacer-inner\"><\/div>\n\t\t<\/div>\n\t\t\t\t\t\t<\/div>\n\t\t\t\t<\/div>\n\t\t\t\t<div class=\"elementor-element elementor-element-2dc7d7b elementor-widget elementor-widget-shortcode\" data-id=\"2dc7d7b\" data-element_type=\"widget\" data-widget_type=\"shortcode.default\">\n\t\t\t\t<div class=\"elementor-widget-container\">\n\t\t\t\t\t\t\t<div class=\"elementor-shortcode\"><p class=\"wpcf7-contact-form-not-found\"><strong>Erro:<\/strong> Formul\u00e1rio de contato n\u00e3o encontrado.<\/p><\/div>\n\t\t\t\t\t\t<\/div>\n\t\t\t\t<\/div>\n\t\t\t\t\t<\/div>\n\t\t<\/div>\n\t\t\t\t\t<\/div>\n\t\t<\/section>\n\t\t\t\t<section class=\"elementor-section elementor-top-section elementor-element elementor-element-ca0634a elementor-section-boxed elementor-section-height-default elementor-section-height-default\" data-id=\"ca0634a\" data-element_type=\"section\">\n\t\t\t\t\t\t<div class=\"elementor-container elementor-column-gap-default\">\n\t\t\t\t\t<div class=\"elementor-column elementor-col-100 elementor-top-column elementor-element elementor-element-3de86bf\" data-id=\"3de86bf\" data-element_type=\"column\">\n\t\t\t<div class=\"elementor-widget-wrap elementor-element-populated\">\n\t\t\t\t\t\t<div class=\"elementor-element elementor-element-21f4a7f elementor-widget elementor-widget-heading\" data-id=\"21f4a7f\" data-element_type=\"widget\" data-widget_type=\"heading.default\">\n\t\t\t\t<div class=\"elementor-widget-container\">\n\t\t\t\t\t<h2 class=\"elementor-heading-title elementor-size-default\">Localiza\u00e7\u00e3o de Palafito Hostel em Castro, Chilo\u00e9<\/h2>\t\t\t\t<\/div>\n\t\t\t\t<\/div>\n\t\t\t\t<div class=\"elementor-element elementor-element-fd1b62d elementor-widget elementor-widget-text-editor\" data-id=\"fd1b62d\" data-element_type=\"widget\" data-widget_type=\"text-editor.default\">\n\t\t\t\t<div class=\"elementor-widget-container\">\n\t\t\t\t\t\t\t\t\t<p>Estamos localizados no tradicional bairro: <strong>Palafitos de Gamboa<\/strong>, constru\u00e7\u00f5es t\u00edpicas sobre estacas de madeira na orla costeira. Na cidade existem tr\u00eas desses bairros e este \u00e9 um deles. O endere\u00e7o \u00e9: Calle Ernesto Riquelme, 1210 \u2013 Castro &#8211; Chilo\u00e9.<\/p>\t\t\t\t\t\t\t\t<\/div>\n\t\t\t\t<\/div>\n\t\t\t\t<div class=\"elementor-element elementor-element-b689f26 elementor-widget elementor-widget-google_maps\" data-id=\"b689f26\" data-element_type=\"widget\" data-widget_type=\"google_maps.default\">\n\t\t\t\t<div class=\"elementor-widget-container\">\n\t\t\t\t\t\t\t<div class=\"elementor-custom-embed\">\n\t\t\t<iframe loading=\"lazy\"\n\t\t\t\t\tsrc=\"https:\/\/maps.google.com\/maps?q=Palafito%20Hostel%20Chilo%C3%A9&#038;t=m&#038;z=17&#038;output=embed&#038;iwloc=near\"\n\t\t\t\t\ttitle=\"Palafito Hostel Chilo\u00e9\"\n\t\t\t\t\taria-label=\"Palafito Hostel Chilo\u00e9\"\n\t\t\t><\/iframe>\n\t\t<\/div>\n\t\t\t\t\t\t<\/div>\n\t\t\t\t<\/div>\n\t\t\t\t\t<\/div>\n\t\t<\/div>\n\t\t\t\t\t<\/div>\n\t\t<\/section>\n\t\t\t\t<\/div>\n\t\t","protected":false},"excerpt":{"rendered":"<p>Rua Ernesto Riquelme #1210 +56 65 253 1008 chiloe @ palafitohostel.com \u00bfC\u00f3mo chegar? A partir dos dois terminais de \u00f4nibus, no centro da cidade, voc\u00ea pode seguir a p\u00e9 ao longo do caminho que leva \u00e0 pra\u00e7a-mirante &#8220;Palafitos de Gamboa&#8221;. Ou pegar o micro-\u00f4nibus, linhas Gamboa ou Nercon, qualquer uma das duas serve. Voc\u00ea tamb\u00e9m &hellip; <a href=\"https:\/\/palafitohostel.com\/pt-br\/contato\/\" class=\"more-link\">Continue reading<span class=\"screen-reader-text\"> &#8220;Contato&#8221;<\/span><\/a><\/p>\n","protected":false},"author":1,"featured_media":943,"parent":0,"menu_order":0,"comment_status":"closed","ping_status":"closed","template":"template-full-width-page.php","meta":{"inline_featured_image":false,"_joinchat":[],"footnotes":""},"class_list":["post-4295","page","type-page","status-publish","has-post-thumbnail","hentry"],"yoast_head":"<!-- This site is optimized with the Yoast SEO plugin v24.7 - https:\/\/yoast.com\/wordpress\/plugins\/seo\/ -->\n<title>Datos de contacto de Palafito Hostel Boutique en Chilo\u00e9<\/title>\n<meta name=\"description\" content=\"Datos de contacto de Palafito Hostel Boutique en Castro, Chilo\u00e9, Chile. Comun\u00edcate con nosotros por whatsapp, tel\u00e9fono o email.\" \/>\n<meta name=\"robots\" content=\"index, follow, max-snippet:-1, max-image-preview:large, max-video-preview:-1\" \/>\n<link rel=\"canonical\" href=\"https:\/\/palafitohostel.com\/pt-br\/contato\/\" \/>\n<meta property=\"og:locale\" content=\"pt_BR\" \/>\n<meta property=\"og:type\" content=\"article\" \/>\n<meta property=\"og:title\" content=\"Datos de contacto de Palafito Hostel Boutique en Chilo\u00e9\" \/>\n<meta property=\"og:description\" content=\"Datos de contacto de Palafito Hostel Boutique en Castro, Chilo\u00e9, Chile. Comun\u00edcate con nosotros por whatsapp, tel\u00e9fono o email.\" \/>\n<meta property=\"og:url\" content=\"https:\/\/palafitohostel.com\/pt-br\/contato\/\" \/>\n<meta property=\"og:site_name\" content=\"Palafito Hostel Chiloe\" \/>\n<meta property=\"article:publisher\" content=\"https:\/\/facebook.com\/palafitohostel\/\" \/>\n<meta property=\"article:modified_time\" content=\"2023-02-02T20:03:36+00:00\" \/>\n<meta property=\"og:image\" content=\"https:\/\/palafitohostel.com\/wp-content\/uploads\/2022\/10\/Barrio-Palafito-Gamboa-e1666297837286.jpg\" \/>\n\t<meta property=\"og:image:width\" content=\"1900\" \/>\n\t<meta property=\"og:image:height\" content=\"800\" \/>\n\t<meta property=\"og:image:type\" content=\"image\/jpeg\" \/>\n<meta name=\"twitter:card\" content=\"summary_large_image\" \/>\n<meta name=\"twitter:site\" content=\"@palafitohostel\" \/>\n<meta name=\"twitter:label1\" content=\"Est. tempo de leitura\" \/>\n\t<meta name=\"twitter:data1\" content=\"1 minuto\" \/>\n<script type=\"application\/ld+json\" class=\"yoast-schema-graph\">{\"@context\":\"https:\/\/schema.org\",\"@graph\":[{\"@type\":\"WebPage\",\"@id\":\"https:\/\/palafitohostel.com\/pt-br\/contato\/\",\"url\":\"https:\/\/palafitohostel.com\/pt-br\/contato\/\",\"name\":\"Datos de contacto de Palafito Hostel Boutique en Chilo\u00e9\",\"isPartOf\":{\"@id\":\"https:\/\/palafitohostel.com\/pt-br\/#website\"},\"primaryImageOfPage\":{\"@id\":\"https:\/\/palafitohostel.com\/pt-br\/contato\/#primaryimage\"},\"image\":{\"@id\":\"https:\/\/palafitohostel.com\/pt-br\/contato\/#primaryimage\"},\"thumbnailUrl\":\"https:\/\/palafitohostel.com\/wp-content\/uploads\/2022\/10\/Barrio-Palafito-Gamboa-e1666297837286.jpg\",\"datePublished\":\"2018-07-19T17:15:33+00:00\",\"dateModified\":\"2023-02-02T20:03:36+00:00\",\"description\":\"Datos de contacto de Palafito Hostel Boutique en Castro, Chilo\u00e9, Chile. Comun\u00edcate con nosotros por whatsapp, tel\u00e9fono o email.\",\"breadcrumb\":{\"@id\":\"https:\/\/palafitohostel.com\/pt-br\/contato\/#breadcrumb\"},\"inLanguage\":\"pt-BR\",\"potentialAction\":[{\"@type\":\"ReadAction\",\"target\":[\"https:\/\/palafitohostel.com\/pt-br\/contato\/\"]}]},{\"@type\":\"ImageObject\",\"inLanguage\":\"pt-BR\",\"@id\":\"https:\/\/palafitohostel.com\/pt-br\/contato\/#primaryimage\",\"url\":\"https:\/\/palafitohostel.com\/wp-content\/uploads\/2022\/10\/Barrio-Palafito-Gamboa-e1666297837286.jpg\",\"contentUrl\":\"https:\/\/palafitohostel.com\/wp-content\/uploads\/2022\/10\/Barrio-Palafito-Gamboa-e1666297837286.jpg\",\"width\":1900,\"height\":800,\"caption\":\"Palafito Hostel Boutique Chilo\u00e9 Chile Hostels en Castro\"},{\"@type\":\"BreadcrumbList\",\"@id\":\"https:\/\/palafitohostel.com\/pt-br\/contato\/#breadcrumb\",\"itemListElement\":[{\"@type\":\"ListItem\",\"position\":1,\"name\":\"Portada\",\"item\":\"https:\/\/palafitohostel.com\/pt-br\/\"},{\"@type\":\"ListItem\",\"position\":2,\"name\":\"Contato\"}]},{\"@type\":\"WebSite\",\"@id\":\"https:\/\/palafitohostel.com\/pt-br\/#website\",\"url\":\"https:\/\/palafitohostel.com\/pt-br\/\",\"name\":\"Palafito Hostel Chiloe\",\"description\":\"Chiloe\",\"publisher\":{\"@id\":\"https:\/\/palafitohostel.com\/pt-br\/#organization\"},\"potentialAction\":[{\"@type\":\"SearchAction\",\"target\":{\"@type\":\"EntryPoint\",\"urlTemplate\":\"https:\/\/palafitohostel.com\/pt-br\/?s={search_term_string}\"},\"query-input\":{\"@type\":\"PropertyValueSpecification\",\"valueRequired\":true,\"valueName\":\"search_term_string\"}}],\"inLanguage\":\"pt-BR\"},{\"@type\":\"Organization\",\"@id\":\"https:\/\/palafitohostel.com\/pt-br\/#organization\",\"name\":\"Palafito Hostel Chiloe\",\"url\":\"https:\/\/palafitohostel.com\/pt-br\/\",\"logo\":{\"@type\":\"ImageObject\",\"inLanguage\":\"pt-BR\",\"@id\":\"https:\/\/palafitohostel.com\/pt-br\/#\/schema\/logo\/image\/\",\"url\":\"https:\/\/palafitohostel.com\/wp-content\/uploads\/2022\/10\/logo-palafito-hostel-22.svg\",\"contentUrl\":\"https:\/\/palafitohostel.com\/wp-content\/uploads\/2022\/10\/logo-palafito-hostel-22.svg\",\"width\":367,\"height\":80,\"caption\":\"Palafito Hostel Chiloe\"},\"image\":{\"@id\":\"https:\/\/palafitohostel.com\/pt-br\/#\/schema\/logo\/image\/\"},\"sameAs\":[\"https:\/\/facebook.com\/palafitohostel\/\",\"https:\/\/x.com\/palafitohostel\",\"https:\/\/instagram.com\/palafitohostel\"]}]}<\/script>\n<!-- \/ Yoast SEO plugin. -->","yoast_head_json":{"title":"Datos de contacto de Palafito Hostel Boutique en Chilo\u00e9","description":"Datos de contacto de Palafito Hostel Boutique en Castro, Chilo\u00e9, Chile. Comun\u00edcate con nosotros por whatsapp, tel\u00e9fono o email.","robots":{"index":"index","follow":"follow","max-snippet":"max-snippet:-1","max-image-preview":"max-image-preview:large","max-video-preview":"max-video-preview:-1"},"canonical":"https:\/\/palafitohostel.com\/pt-br\/contato\/","og_locale":"pt_BR","og_type":"article","og_title":"Datos de contacto de Palafito Hostel Boutique en Chilo\u00e9","og_description":"Datos de contacto de Palafito Hostel Boutique en Castro, Chilo\u00e9, Chile. Comun\u00edcate con nosotros por whatsapp, tel\u00e9fono o email.","og_url":"https:\/\/palafitohostel.com\/pt-br\/contato\/","og_site_name":"Palafito Hostel Chiloe","article_publisher":"https:\/\/facebook.com\/palafitohostel\/","article_modified_time":"2023-02-02T20:03:36+00:00","og_image":[{"width":1900,"height":800,"url":"https:\/\/palafitohostel.com\/wp-content\/uploads\/2022\/10\/Barrio-Palafito-Gamboa-e1666297837286.jpg","type":"image\/jpeg"}],"twitter_card":"summary_large_image","twitter_site":"@palafitohostel","twitter_misc":{"Est. tempo de leitura":"1 minuto"},"schema":{"@context":"https:\/\/schema.org","@graph":[{"@type":"WebPage","@id":"https:\/\/palafitohostel.com\/pt-br\/contato\/","url":"https:\/\/palafitohostel.com\/pt-br\/contato\/","name":"Datos de contacto de Palafito Hostel Boutique en Chilo\u00e9","isPartOf":{"@id":"https:\/\/palafitohostel.com\/pt-br\/#website"},"primaryImageOfPage":{"@id":"https:\/\/palafitohostel.com\/pt-br\/contato\/#primaryimage"},"image":{"@id":"https:\/\/palafitohostel.com\/pt-br\/contato\/#primaryimage"},"thumbnailUrl":"https:\/\/palafitohostel.com\/wp-content\/uploads\/2022\/10\/Barrio-Palafito-Gamboa-e1666297837286.jpg","datePublished":"2018-07-19T17:15:33+00:00","dateModified":"2023-02-02T20:03:36+00:00","description":"Datos de contacto de Palafito Hostel Boutique en Castro, Chilo\u00e9, Chile. Comun\u00edcate con nosotros por whatsapp, tel\u00e9fono o email.","breadcrumb":{"@id":"https:\/\/palafitohostel.com\/pt-br\/contato\/#breadcrumb"},"inLanguage":"pt-BR","potentialAction":[{"@type":"ReadAction","target":["https:\/\/palafitohostel.com\/pt-br\/contato\/"]}]},{"@type":"ImageObject","inLanguage":"pt-BR","@id":"https:\/\/palafitohostel.com\/pt-br\/contato\/#primaryimage","url":"https:\/\/palafitohostel.com\/wp-content\/uploads\/2022\/10\/Barrio-Palafito-Gamboa-e1666297837286.jpg","contentUrl":"https:\/\/palafitohostel.com\/wp-content\/uploads\/2022\/10\/Barrio-Palafito-Gamboa-e1666297837286.jpg","width":1900,"height":800,"caption":"Palafito Hostel Boutique Chilo\u00e9 Chile Hostels en Castro"},{"@type":"BreadcrumbList","@id":"https:\/\/palafitohostel.com\/pt-br\/contato\/#breadcrumb","itemListElement":[{"@type":"ListItem","position":1,"name":"Portada","item":"https:\/\/palafitohostel.com\/pt-br\/"},{"@type":"ListItem","position":2,"name":"Contato"}]},{"@type":"WebSite","@id":"https:\/\/palafitohostel.com\/pt-br\/#website","url":"https:\/\/palafitohostel.com\/pt-br\/","name":"Palafito Hostel Chiloe","description":"Chiloe","publisher":{"@id":"https:\/\/palafitohostel.com\/pt-br\/#organization"},"potentialAction":[{"@type":"SearchAction","target":{"@type":"EntryPoint","urlTemplate":"https:\/\/palafitohostel.com\/pt-br\/?s={search_term_string}"},"query-input":{"@type":"PropertyValueSpecification","valueRequired":true,"valueName":"search_term_string"}}],"inLanguage":"pt-BR"},{"@type":"Organization","@id":"https:\/\/palafitohostel.com\/pt-br\/#organization","name":"Palafito Hostel Chiloe","url":"https:\/\/palafitohostel.com\/pt-br\/","logo":{"@type":"ImageObject","inLanguage":"pt-BR","@id":"https:\/\/palafitohostel.com\/pt-br\/#\/schema\/logo\/image\/","url":"https:\/\/palafitohostel.com\/wp-content\/uploads\/2022\/10\/logo-palafito-hostel-22.svg","contentUrl":"https:\/\/palafitohostel.com\/wp-content\/uploads\/2022\/10\/logo-palafito-hostel-22.svg","width":367,"height":80,"caption":"Palafito Hostel Chiloe"},"image":{"@id":"https:\/\/palafitohostel.com\/pt-br\/#\/schema\/logo\/image\/"},"sameAs":["https:\/\/facebook.com\/palafitohostel\/","https:\/\/x.com\/palafitohostel","https:\/\/instagram.com\/palafitohostel"]}]}},"_links":{"self":[{"href":"https:\/\/palafitohostel.com\/pt-br\/wp-json\/wp\/v2\/pages\/4295","targetHints":{"allow":["GET"]}}],"collection":[{"href":"https:\/\/palafitohostel.com\/pt-br\/wp-json\/wp\/v2\/pages"}],"about":[{"href":"https:\/\/palafitohostel.com\/pt-br\/wp-json\/wp\/v2\/types\/page"}],"author":[{"embeddable":true,"href":"https:\/\/palafitohostel.com\/pt-br\/wp-json\/wp\/v2\/users\/1"}],"replies":[{"embeddable":true,"href":"https:\/\/palafitohostel.com\/pt-br\/wp-json\/wp\/v2\/comments?post=4295"}],"version-history":[{"count":13,"href":"https:\/\/palafitohostel.com\/pt-br\/wp-json\/wp\/v2\/pages\/4295\/revisions"}],"predecessor-version":[{"id":4311,"href":"https:\/\/palafitohostel.com\/pt-br\/wp-json\/wp\/v2\/pages\/4295\/revisions\/4311"}],"wp:featuredmedia":[{"embeddable":true,"href":"https:\/\/palafitohostel.com\/pt-br\/wp-json\/wp\/v2\/media\/943"}],"wp:attachment":[{"href":"https:\/\/palafitohostel.com\/pt-br\/wp-json\/wp\/v2\/media?parent=4295"}],"curies":[{"name":"wp","href":"https:\/\/api.w.org\/{rel}","templated":true}]}}